{"id":1679,"date":"2024-09-26T20:27:02","date_gmt":"2024-09-27T02:27:02","guid":{"rendered":"https:\/\/grupoalyter.com\/index.php\/producto\/vela-con-forma-de-malteada-de-fresa\/"},"modified":"2024-09-26T20:27:02","modified_gmt":"2024-09-27T02:27:02","slug":"vela-con-forma-de-malteada-de-fresa","status":"publish","type":"product","link":"https:\/\/grupoalyter.com\/index.php\/producto\/vela-con-forma-de-malteada-de-fresa\/","title":{"rendered":"Vela con Forma de Malteada de Fresa"},"content":{"rendered":"<h2>Descubre la Vela Perfecta<\/h2>\n<p>La <strong>vela de parafina con forma de malteada de fresa<\/strong> es un art\u00edculo decorativo \u00fanico que agrega un toque especial a cualquier espacio. Su dise\u00f1o encantador no solo atrae la vista, sino que tambi\u00e9n evoca la nostalgia de los cl\u00e1sicos batidos de fresa.<\/p>\n<h2>Caracter\u00edsticas Destacadas<\/h2>\n<p>Fabricada con parafina de alta calidad, esta vela garantiza una larga duraci\u00f3n y una combusti\u00f3n limpia. Su fragancia dulce y afrutada transforma el ambiente, creando una atm\u00f3sfera acogedora y c\u00e1lida.<\/p>\n<h2>Ideal para Cualquier Ocasi\u00f3n<\/h2>\n<p>Ya sea para una fiesta tem\u00e1tica, un evento especial o simplemente para realzar tu hogar, la <strong>vela de parafina con forma de malteada de fresa<\/strong> es perfecta. Sorprende a tus invitados con este detalle encantador que seguramente llamar\u00e1 la atenci\u00f3n.<\/p>\n","protected":false},"excerpt":{"rendered":"<p>Descubre la Vela Perfecta La vela de parafina con forma de malteada de fresa es un art\u00edculo decorativo \u00fanico que agrega un toque especial a cualquier espacio. Su dise\u00f1o encantador no solo atrae la vista, sino que tambi\u00e9n evoca la nostalgia de los cl\u00e1sicos batidos de fresa. Caracter\u00edsticas Destacadas Fabricada con parafina de alta calidad, [&hellip;]<\/p>\n","protected":false},"featured_media":1601,"comment_status":"open","ping_status":"closed","template":"","meta":[],"product_cat":[18,84],"product_tag":[],"class_list":{"0":"post-1679","1":"product","2":"type-product","3":"status-publish","4":"has-post-thumbnail","6":"product_cat-velas","7":"product_cat-reposteria","9":"first","10":"instock","11":"shipping-taxable","12":"purchasable","13":"product-type-simple"},"_links":{"self":[{"href":"https:\/\/grupoalyter.com\/index.php\/wp-json\/wp\/v2\/product\/1679"}],"collection":[{"href":"https:\/\/grupoalyter.com\/index.php\/wp-json\/wp\/v2\/product"}],"about":[{"href":"https:\/\/grupoalyter.com\/index.php\/wp-json\/wp\/v2\/types\/product"}],"replies":[{"embeddable":true,"href":"https:\/\/grupoalyter.com\/index.php\/wp-json\/wp\/v2\/comments?post=1679"}],"wp:featuredmedia":[{"embeddable":true,"href":"https:\/\/grupoalyter.com\/index.php\/wp-json\/wp\/v2\/media\/1601"}],"wp:attachment":[{"href":"https:\/\/grupoalyter.com\/index.php\/wp-json\/wp\/v2\/media?parent=1679"}],"wp:term":[{"taxonomy":"product_cat","embeddable":true,"href":"https:\/\/grupoalyter.com\/index.php\/wp-json\/wp\/v2\/product_cat?post=1679"},{"taxonomy":"product_tag","embeddable":true,"href":"https:\/\/grupoalyter.com\/index.php\/wp-json\/wp\/v2\/product_tag?post=1679"}],"curies":[{"name":"wp","href":"https:\/\/api.w.org\/{rel}","templated":true}]}}